{"id":253,"date":"2016-05-23T10:30:12","date_gmt":"2016-05-23T10:30:12","guid":{"rendered":"http:\/\/test.kriesi.at\/enfold-health-coach\/?page_id=253"},"modified":"2025-05-31T16:40:55","modified_gmt":"2025-05-31T13:40:55","slug":"hakkimizda","status":"publish","type":"page","link":"https:\/\/otocarmen.com\/?page_id=253","title":{"rendered":"Hakk\u0131m\u0131zda"},"content":{"rendered":"<div id='welcome'  class='av-layout-grid-container av-7vwks5-4704bdf1e191ae163f6fb050640aee6a entry-content-wrapper main_color av-fixed-cells  avia-builder-el-0  el_before_av_layout_row  avia-builder-el-first   container_wrap sidebar_right'  >\n\n<style type=\"text\/css\" data-created_by=\"avia_inline_auto\" id=\"style-css-av-7pzhhh-3892fd4385506ee83c7c200fa4f2294a\">\n.flex_cell.av-7pzhhh-3892fd4385506ee83c7c200fa4f2294a{\nvertical-align:top;\nheight:15px;\nmin-height:15px;\nbackground-color:#feba00;\n}\n.responsive #top #wrap_all .flex_cell.av-7pzhhh-3892fd4385506ee83c7c200fa4f2294a{\npadding:0px 0px 0px 0px !important;\n}\n<\/style>\n<div class='flex_cell av-7pzhhh-3892fd4385506ee83c7c200fa4f2294a av-gridrow-cell av_one_fourth no_margin  avia-builder-el-1  el_before_av_cell_one_fourth  avia-builder-el-first  content-align-top av-zero-padding'  ><div class='flex_cell_inner'><\/div><\/div>\n<style type=\"text\/css\" data-created_by=\"avia_inline_auto\" id=\"style-css-av-7lmp71-b765e0fb4aedbd4ce52747c37e2c2c84\">\n.flex_cell.av-7lmp71-b765e0fb4aedbd4ce52747c37e2c2c84{\nvertical-align:top;\nheight:15px;\nmin-height:15px;\nbackground-color:#feba00;\n}\n.responsive #top #wrap_all .flex_cell.av-7lmp71-b765e0fb4aedbd4ce52747c37e2c2c84{\npadding:0px 0px 0px 0px !important;\n}\n<\/style>\n<div class='flex_cell av-7lmp71-b765e0fb4aedbd4ce52747c37e2c2c84 av-gridrow-cell av_one_fourth no_margin  avia-builder-el-2  el_after_av_cell_one_fourth  el_before_av_cell_one_fourth  content-align-top av-zero-padding'  ><div class='flex_cell_inner'><\/div><\/div>\n<style type=\"text\/css\" data-created_by=\"avia_inline_auto\" id=\"style-css-av-7c4hr1-c1880322040b2d59b3ffda938dd271b1\">\n.flex_cell.av-7c4hr1-c1880322040b2d59b3ffda938dd271b1{\nvertical-align:top;\nheight:15px;\nmin-height:15px;\nbackground-color:#feba00;\n}\n.responsive #top #wrap_all .flex_cell.av-7c4hr1-c1880322040b2d59b3ffda938dd271b1{\npadding:0px 0px 0px 0px !important;\n}\n<\/style>\n<div class='flex_cell av-7c4hr1-c1880322040b2d59b3ffda938dd271b1 av-gridrow-cell av_one_fourth no_margin  avia-builder-el-3  el_after_av_cell_one_fourth  el_before_av_cell_one_fourth  content-align-top av-zero-padding'  ><div class='flex_cell_inner'><\/div><\/div>\n<style type=\"text\/css\" data-created_by=\"avia_inline_auto\" id=\"style-css-av-q0cj1-61bb854bd60aaa1e845be12d2d01315b\">\n.flex_cell.av-q0cj1-61bb854bd60aaa1e845be12d2d01315b{\nvertical-align:top;\nheight:15px;\nmin-height:15px;\nbackground-color:#feba00;\n}\n.responsive #top #wrap_all .flex_cell.av-q0cj1-61bb854bd60aaa1e845be12d2d01315b{\npadding:0px 0px 0px 0px !important;\n}\n<\/style>\n<div class='flex_cell av-q0cj1-61bb854bd60aaa1e845be12d2d01315b av-gridrow-cell av_one_fourth no_margin  avia-builder-el-4  el_after_av_cell_one_fourth  avia-builder-el-last  content-align-top av-zero-padding'  ><div class='flex_cell_inner'><\/div><\/div>\n<\/div>\n<div id='hello'  class='av-layout-grid-container av-pbxo5-2787c253265d400758926bf330957101 entry-content-wrapper main_color av-flex-cells  avia-builder-el-5  el_after_av_layout_row  el_before_av_layout_row  grid-row-not-first  container_wrap sidebar_right'  >\n\n<style type=\"text\/css\" data-created_by=\"avia_inline_auto\" id=\"style-css-av-6x7ub1-d819fa2dcc2962919c7f79a07a946e89\">\n.flex_cell.av-6x7ub1-d819fa2dcc2962919c7f79a07a946e89{\nvertical-align:top;\n}\n.responsive #top #wrap_all .flex_cell.av-6x7ub1-d819fa2dcc2962919c7f79a07a946e89{\npadding:100px 100px 100px 100px !important;\n}\n\n@media only screen and (min-width: 480px) and (max-width: 767px){ \n.responsive #top #wrap_all .flex_cell.av-6x7ub1-d819fa2dcc2962919c7f79a07a946e89{\npadding:20px 20px 20px 20px !important;\n}\n}\n\n@media only screen and (max-width: 479px){ \n.responsive #top #wrap_all .flex_cell.av-6x7ub1-d819fa2dcc2962919c7f79a07a946e89{\npadding:20px 20px 20px 20px !important;\n}\n}\n<\/style>\n<div class='flex_cell av-6x7ub1-d819fa2dcc2962919c7f79a07a946e89 av-gridrow-cell av_one_half no_margin  avia-builder-el-6  el_before_av_cell_one_half  avia-builder-el-first  content-align-top'  ><div class='flex_cell_inner'><p>\n<style type=\"text\/css\" data-created_by=\"avia_inline_auto\" id=\"style-css-av-nvlet-edda2514e8e6db2471e719f146d5d952\">\n#top .av-special-heading.av-nvlet-edda2514e8e6db2471e719f146d5d952{\npadding-bottom:30px;\nfont-size:70px;\n}\nbody .av-special-heading.av-nvlet-edda2514e8e6db2471e719f146d5d952 .av-special-heading-tag .heading-char{\nfont-size:25px;\n}\n#top #wrap_all .av-special-heading.av-nvlet-edda2514e8e6db2471e719f146d5d952 .av-special-heading-tag{\nfont-size:70px;\n}\n.av-special-heading.av-nvlet-edda2514e8e6db2471e719f146d5d952 .av-subheading{\nfont-size:15px;\n}\n\n@media only screen and (min-width: 480px) and (max-width: 767px){ \n#top .av-special-heading.av-nvlet-edda2514e8e6db2471e719f146d5d952{\nmargin:20px 20px 20px 20px;\npadding-bottom:10px;\n}\n#top #wrap_all .av-special-heading.av-nvlet-edda2514e8e6db2471e719f146d5d952 .av-special-heading-tag{\nfont-size:32px;\npadding:20px 20px 20px 20px;\n}\n}\n\n@media only screen and (max-width: 479px){ \n#top .av-special-heading.av-nvlet-edda2514e8e6db2471e719f146d5d952{\nmargin:20px 20px 20px 20px;\npadding-bottom:10px;\n}\n#top #wrap_all .av-special-heading.av-nvlet-edda2514e8e6db2471e719f146d5d952 .av-special-heading-tag{\nfont-size:32px;\npadding:20px 20px 20px 20px;\n}\n}\n<\/style>\n<div  class='av-special-heading av-nvlet-edda2514e8e6db2471e719f146d5d952 av-special-heading-h1 blockquote modern-quote  avia-builder-el-7  el_before_av_textblock  avia-builder-el-first  av-inherit-size'><h1 class='av-special-heading-tag '  itemprop=\"headline\"  >Oto Carmen  <u>Hakk\u0131nda<\/u><\/h1><div class=\"special-heading-border\"><div class=\"special-heading-inner-border\"><\/div><\/div><\/div><br \/>\n\n<style type=\"text\/css\" data-created_by=\"avia_inline_auto\" id=\"style-css-av-6lg5zp-5473897bbadf94f6b8988fe0925d32bb\">\n#top .av_textblock_section.av-6lg5zp-5473897bbadf94f6b8988fe0925d32bb .avia_textblock{\nfont-size:15px;\n}\n<\/style>\n<section  class='av_textblock_section av-6lg5zp-5473897bbadf94f6b8988fe0925d32bb '   itemscope=\"itemscope\" itemtype=\"https:\/\/schema.org\/CreativeWork\" ><div class='avia_textblock'  itemprop=\"text\" ><p><strong>Yol Arkada\u015fl\u0131\u011f\u0131m\u0131z Beylikd\u00fcz\u00fc\u2019nde Ba\u015flad\u0131<\/strong><\/p>\n<p>\u0130stanbul\u2019un h\u0131zla geli\u015fen ve ya\u015fam kalitesiyle \u00f6ne \u00e7\u0131kan semtlerinden Beylikd\u00fcz\u00fc\u2019nde yola \u00e7\u0131kan Carmen Oto Kiralama, s\u0131radan bir ara\u00e7 kiralama firmas\u0131 olmay\u0131 hi\u00e7bir zaman hedeflemedi. Bizim i\u00e7in bu i\u015f sadece anahtar teslim etmek de\u011fil; m\u00fc\u015fterilerimize g\u00fcvenli, konforlu ve g\u00f6n\u00fcl rahatl\u0131\u011f\u0131yla \u00e7\u0131kabilecekleri bir yolculuk sunmak demek.<\/p>\n<p>\u0130lk g\u00fcnden itibaren oda\u011f\u0131m\u0131zda samimiyet, \u015feffafl\u0131k ve m\u00fc\u015fteri memnuniyeti oldu. B\u00fcy\u00fck bir kurumsall\u0131k maskesinin arkas\u0131na saklanmadan, her m\u00fc\u015fterimize dostane bir yakla\u015f\u0131mla hizmet veriyoruz. \u00c7\u00fcnk\u00fc biliyoruz ki, g\u00fcven bir g\u00fcnde kazan\u0131lmaz; ama s\u0131cak bir ileti\u015fimle ilk dakikada hissedilebilir.<\/p>\n<p>Carmen Oto Kiralama olarak, Beylikd\u00fcz\u00fc ve \u00e7evresindeki bireylerin ve i\u015fletmelerin ara\u00e7 ihtiya\u00e7lar\u0131na h\u0131zl\u0131, pratik ve \u00e7\u00f6z\u00fcm odakl\u0131 cevaplar veriyoruz. Geni\u015f ara\u00e7 filomuz sayesinde ister ekonomik bir se\u00e7enek, ister daha konforlu bir model tercih edin; ihtiya\u00e7lar\u0131n\u0131za en uygun arac\u0131, en k\u0131sa s\u00fcrede hizmetinize sunuyoruz. T\u00fcm ara\u00e7lar\u0131m\u0131z periyodik bak\u0131mlar\u0131 yap\u0131lm\u0131\u015f, i\u00e7 ve d\u0131\u015f temizli\u011fi eksiksiz \u015fekilde tamamlanm\u0131\u015f olarak sizlere teslim ediliyor.<\/p>\n<\/div><\/section><br \/>\n\n<style type=\"text\/css\" data-created_by=\"avia_inline_auto\" id=\"style-css-av-6faha5-f5a48bb6abfb61089ffa0e5b633baac1\">\n#top .hr.hr-invisible.av-6faha5-f5a48bb6abfb61089ffa0e5b633baac1{\nheight:20px;\n}\n<\/style>\n<div  class='hr av-6faha5-f5a48bb6abfb61089ffa0e5b633baac1 hr-invisible  avia-builder-el-9  el_after_av_textblock  avia-builder-el-last '><span class='hr-inner '><span class=\"hr-inner-style\"><\/span><\/span><\/div><\/p>\n<\/div><\/div>\n<style type=\"text\/css\" data-created_by=\"avia_inline_auto\" id=\"style-css-av-60q6a5-4a0359ae42bdd304aaad48b74610133c\">\n.flex_cell.av-60q6a5-4a0359ae42bdd304aaad48b74610133c{\nvertical-align:top;\nbackground:url(https:\/\/otocarmen.com\/wp-content\/uploads\/2025\/05\/araba3.png) 50% 50% no-repeat scroll #013154;\n}\n.responsive #top #wrap_all .flex_cell.av-60q6a5-4a0359ae42bdd304aaad48b74610133c{\npadding:100px 100px 100px 100px !important;\n}\n<\/style>\n<div class='flex_cell av-60q6a5-4a0359ae42bdd304aaad48b74610133c av-gridrow-cell av_one_half no_margin  avia-builder-el-10  el_after_av_cell_one_half  avia-builder-el-last  content-align-top avia-full-stretch'  ><div class='flex_cell_inner'><\/div><\/div><\/div><div id='av-layout-grid-3'  class='av-layout-grid-container av-5uq3qd-4390c8c115778d97e501664a3ff67ea6 entry-content-wrapper main_color av-flex-cells  avia-builder-el-11  el_after_av_layout_row  el_before_av_layout_row  grid-row-not-first  container_wrap sidebar_right'  >\n\n<style type=\"text\/css\" data-created_by=\"avia_inline_auto\" id=\"style-css-av-5npbf9-7f162dc43f805481f2267829a6e60b61\">\n.flex_cell.av-5npbf9-7f162dc43f805481f2267829a6e60b61{\nvertical-align:middle;\nbackground:url(https:\/\/otocarmen.com\/wp-content\/uploads\/2025\/05\/araba4.png) 100% 50% no-repeat scroll ;\n}\n.responsive #top #wrap_all .flex_cell.av-5npbf9-7f162dc43f805481f2267829a6e60b61{\npadding:0px 0px 0px 0px !important;\n}\n<\/style>\n<div class='flex_cell av-5npbf9-7f162dc43f805481f2267829a6e60b61 av-gridrow-cell av_one_half no_margin  avia-builder-el-12  el_before_av_cell_one_half  avia-builder-el-first  content-align-middle av-zero-padding avia-full-stretch'  ><div class='flex_cell_inner'><\/div><\/div>\n<style type=\"text\/css\" data-created_by=\"avia_inline_auto\" id=\"style-css-av-5h4y5x-cd949d74fce6d2558032b37033fa43f8\">\n.flex_cell.av-5h4y5x-cd949d74fce6d2558032b37033fa43f8{\nvertical-align:middle;\n}\n.responsive #top #wrap_all .flex_cell.av-5h4y5x-cd949d74fce6d2558032b37033fa43f8{\npadding:100px 100px 100px 100px !important;\n}\n\n@media only screen and (min-width: 480px) and (max-width: 767px){ \n.responsive #top #wrap_all .flex_cell.av-5h4y5x-cd949d74fce6d2558032b37033fa43f8{\npadding:20px 20px 20px 20px !important;\n}\n}\n\n@media only screen and (max-width: 479px){ \n.responsive #top #wrap_all .flex_cell.av-5h4y5x-cd949d74fce6d2558032b37033fa43f8{\npadding:20px 20px 20px 20px !important;\n}\n}\n<\/style>\n<div class='flex_cell av-5h4y5x-cd949d74fce6d2558032b37033fa43f8 av-gridrow-cell av_one_half no_margin  avia-builder-el-13  el_after_av_cell_one_half  avia-builder-el-last  content-align-middle avia-full-contain'  ><div class='flex_cell_inner'>\n<style type=\"text\/css\" data-created_by=\"avia_inline_auto\" id=\"style-css-av-59z0o5-dee71674fa270707eb9d5fde83e3a5d5\">\n#top .av_textblock_section.av-59z0o5-dee71674fa270707eb9d5fde83e3a5d5 .avia_textblock{\nfont-size:15px;\n}\n<\/style>\n<section  class='av_textblock_section av-59z0o5-dee71674fa270707eb9d5fde83e3a5d5 '   itemscope=\"itemscope\" itemtype=\"https:\/\/schema.org\/CreativeWork\" ><div class='avia_textblock'  itemprop=\"text\" ><p><strong>Arac\u0131n\u0131zdan Fazlas\u0131n\u0131 Sunuyoruz<\/strong><\/p>\n<p>Carmen Oto Kiralama\u2019da siz sadece bir m\u00fc\u015fteri de\u011filsiniz; ihtiya\u00e7lar\u0131n\u0131 \u00f6nemseyen, beklentilerine kulak veren ve her detayda memnuniyetinizi hedefleyen bir ekibin par\u00e7as\u0131s\u0131n\u0131z.<br \/>\nKiralama s\u00fcrecini kolayla\u015ft\u0131rmak, g\u00fcvenli hale getirmek ve en \u00f6nemlisi keyifli bir deneyime d\u00f6n\u00fc\u015ft\u00fcrmek i\u00e7in teknolojiden, deneyimden ve insan odakl\u0131 hizmet anlay\u0131\u015f\u0131m\u0131zdan faydalan\u0131yoruz. Online rezervasyon kolayl\u0131\u011f\u0131, esnek s\u00fcre se\u00e7enekleri, adresinize teslim imk\u00e2n\u0131 ve ihtiya\u00e7 an\u0131nda destek gibi hizmetlerimizle size her anlamda yard\u0131mc\u0131 olmaya haz\u0131r\u0131z.<\/p>\n<p>\u0130ster bireysel bir gezgin olun, ister i\u015f seyahati planlayan bir profesyonel; Carmen Oto Kiralama\u2019da yolunuzun kesi\u015fti\u011fi her an, size de\u011fer verildi\u011fini hissedersiniz. \u00c7\u00fcnk\u00fc biz sadece ara\u00e7 kiralam\u0131yoruz; iyi hissettiren, g\u00fcven veren, tekrar tercih edilecek bir deneyim sunuyoruz.<\/p>\n<p>Her yolculuk yeni bir hik\u00e2ye\u2026<\/p>\n<p>Carmen Oto Kiralama ile hik\u00e2yeniz g\u00fczel ba\u015flas\u0131n.<\/p>\n<\/div><\/section>\n<\/div><\/div><\/div><div id='welcome'  class='av-layout-grid-container av-53z52d-f4aae40a006dcc0455e64bead80aca4d entry-content-wrapper main_color av-fixed-cells  avia-builder-el-15  el_after_av_layout_row  avia-builder-el-last  grid-row-not-first  container_wrap sidebar_right'  >\n\n<style type=\"text\/css\" data-created_by=\"avia_inline_auto\" id=\"style-css-av-4tcx19-77ee299bbbfcb3b8add2077c29b15e05\">\n.flex_cell.av-4tcx19-77ee299bbbfcb3b8add2077c29b15e05{\nvertical-align:top;\nheight:15px;\nmin-height:15px;\nbackground-color:#feba00;\n}\n.responsive #top #wrap_all .flex_cell.av-4tcx19-77ee299bbbfcb3b8add2077c29b15e05{\npadding:0px 0px 0px 0px !important;\n}\n<\/style>\n<div class='flex_cell av-4tcx19-77ee299bbbfcb3b8add2077c29b15e05 av-gridrow-cell av_one_fourth no_margin  avia-builder-el-16  el_before_av_cell_one_fourth  avia-builder-el-first  content-align-top av-zero-padding'  ><div class='flex_cell_inner'><\/div><\/div>\n<style type=\"text\/css\" data-created_by=\"avia_inline_auto\" id=\"style-css-av-4qurnx-82f723002a4ede6c29b3bb2d7b5ba8b9\">\n.flex_cell.av-4qurnx-82f723002a4ede6c29b3bb2d7b5ba8b9{\nvertical-align:top;\nheight:15px;\nmin-height:15px;\nbackground-color:#feba00;\n}\n.responsive #top #wrap_all .flex_cell.av-4qurnx-82f723002a4ede6c29b3bb2d7b5ba8b9{\npadding:0px 0px 0px 0px !important;\n}\n<\/style>\n<div class='flex_cell av-4qurnx-82f723002a4ede6c29b3bb2d7b5ba8b9 av-gridrow-cell av_one_fourth no_margin  avia-builder-el-17  el_after_av_cell_one_fourth  el_before_av_cell_one_fourth  content-align-top av-zero-padding'  ><div class='flex_cell_inner'><\/div><\/div>\n<style type=\"text\/css\" data-created_by=\"avia_inline_auto\" id=\"style-css-av-4lzt1x-abc765e82569123202687b48800f8e41\">\n.flex_cell.av-4lzt1x-abc765e82569123202687b48800f8e41{\nvertical-align:top;\nheight:15px;\nmin-height:15px;\nbackground-color:#feba00;\n}\n.responsive #top #wrap_all .flex_cell.av-4lzt1x-abc765e82569123202687b48800f8e41{\npadding:0px 0px 0px 0px !important;\n}\n<\/style>\n<div class='flex_cell av-4lzt1x-abc765e82569123202687b48800f8e41 av-gridrow-cell av_one_fourth no_margin  avia-builder-el-18  el_after_av_cell_one_fourth  el_before_av_cell_one_fourth  content-align-top av-zero-padding'  ><div class='flex_cell_inner'><\/div><\/div>\n<style type=\"text\/css\" data-created_by=\"avia_inline_auto\" id=\"style-css-av-4ezbjp-882d39926eaeb38d60efca3eea86b84f\">\n.flex_cell.av-4ezbjp-882d39926eaeb38d60efca3eea86b84f{\nvertical-align:top;\nheight:15px;\nmin-height:15px;\nbackground-color:#feba00;\n}\n.responsive #top #wrap_all .flex_cell.av-4ezbjp-882d39926eaeb38d60efca3eea86b84f{\npadding:0px 0px 0px 0px !important;\n}\n<\/style>\n<div class='flex_cell av-4ezbjp-882d39926eaeb38d60efca3eea86b84f av-gridrow-cell av_one_fourth no_margin  avia-builder-el-19  el_after_av_cell_one_fourth  avia-builder-el-last  content-align-top av-zero-padding'  ><div class='flex_cell_inner'><\/div><\/div>\n<\/div><\/p>\n","protected":false},"excerpt":{"rendered":"","protected":false},"author":1,"featured_media":0,"parent":0,"menu_order":0,"comment_status":"closed","ping_status":"closed","template":"","meta":{"footnotes":""},"class_list":["post-253","page","type-page","status-publish","hentry"],"_links":{"self":[{"href":"https:\/\/otocarmen.com\/index.php?rest_route=\/wp\/v2\/pages\/253","targetHints":{"allow":["GET"]}}],"collection":[{"href":"https:\/\/otocarmen.com\/index.php?rest_route=\/wp\/v2\/pages"}],"about":[{"href":"https:\/\/otocarmen.com\/index.php?rest_route=\/wp\/v2\/types\/page"}],"author":[{"embeddable":true,"href":"https:\/\/otocarmen.com\/index.php?rest_route=\/wp\/v2\/users\/1"}],"replies":[{"embeddable":true,"href":"https:\/\/otocarmen.com\/index.php?rest_route=%2Fwp%2Fv2%2Fcomments&post=253"}],"version-history":[{"count":21,"href":"https:\/\/otocarmen.com\/index.php?rest_route=\/wp\/v2\/pages\/253\/revisions"}],"predecessor-version":[{"id":642,"href":"https:\/\/otocarmen.com\/index.php?rest_route=\/wp\/v2\/pages\/253\/revisions\/642"}],"wp:attachment":[{"href":"https:\/\/otocarmen.com\/index.php?rest_route=%2Fwp%2Fv2%2Fmedia&parent=253"}],"curies":[{"name":"wp","href":"https:\/\/api.w.org\/{rel}","templated":true}]}}