{"id":255,"date":"2016-05-23T10:30:24","date_gmt":"2016-05-23T10:30:24","guid":{"rendered":"http:\/\/test.kriesi.at\/enfold-health-coach\/?page_id=255"},"modified":"2025-11-03T16:36:44","modified_gmt":"2025-11-03T13:36:44","slug":"iletisim","status":"publish","type":"page","link":"https:\/\/otocarmen.com\/?page_id=255","title":{"rendered":"\u0130leti\u015fim"},"content":{"rendered":"<div id='welcome'  class='av-layout-grid-container av-5h7ssf-0aeefbeda65d0a06badfe2c969a6bc15 entry-content-wrapper main_color av-fixed-cells  avia-builder-el-0  el_before_av_layout_row  avia-builder-el-first   container_wrap sidebar_right'  >\n\n<style type=\"text\/css\" data-created_by=\"avia_inline_auto\" id=\"style-css-av-5c0vmf-322b8b42e619f32b6b721616582bff46\">\n.flex_cell.av-5c0vmf-322b8b42e619f32b6b721616582bff46{\nvertical-align:top;\nheight:15px;\nmin-height:15px;\nbackground-color:#feba00;\n}\n.responsive #top #wrap_all .flex_cell.av-5c0vmf-322b8b42e619f32b6b721616582bff46{\npadding:0px 0px 0px 0px !important;\n}\n<\/style>\n<div class='flex_cell av-5c0vmf-322b8b42e619f32b6b721616582bff46 av-gridrow-cell av_one_fourth no_margin  avia-builder-el-1  el_before_av_cell_one_fourth  avia-builder-el-first  content-align-top av-zero-padding'  ><div class='flex_cell_inner'><\/div><\/div>\n<style type=\"text\/css\" data-created_by=\"avia_inline_auto\" id=\"style-css-av-1w0hz-362e07a2a876cb9612ca07913699d0ec\">\n.flex_cell.av-1w0hz-362e07a2a876cb9612ca07913699d0ec{\nvertical-align:top;\nheight:15px;\nmin-height:15px;\nbackground-color:#feba00;\n}\n.responsive #top #wrap_all .flex_cell.av-1w0hz-362e07a2a876cb9612ca07913699d0ec{\npadding:0px 0px 0px 0px !important;\n}\n<\/style>\n<div class='flex_cell av-1w0hz-362e07a2a876cb9612ca07913699d0ec av-gridrow-cell av_one_fourth no_margin  avia-builder-el-2  el_after_av_cell_one_fourth  el_before_av_cell_one_fourth  content-align-top av-zero-padding'  ><div class='flex_cell_inner'><\/div><\/div>\n<style type=\"text\/css\" data-created_by=\"avia_inline_auto\" id=\"style-css-av-i4nkf-54bd9d3e58866ac35ad655edc79ea84a\">\n.flex_cell.av-i4nkf-54bd9d3e58866ac35ad655edc79ea84a{\nvertical-align:top;\nheight:15px;\nmin-height:15px;\nbackground-color:#feba00;\n}\n.responsive #top #wrap_all .flex_cell.av-i4nkf-54bd9d3e58866ac35ad655edc79ea84a{\npadding:0px 0px 0px 0px !important;\n}\n<\/style>\n<div class='flex_cell av-i4nkf-54bd9d3e58866ac35ad655edc79ea84a av-gridrow-cell av_one_fourth no_margin  avia-builder-el-3  el_after_av_cell_one_fourth  el_before_av_cell_one_fourth  content-align-top av-zero-padding'  ><div class='flex_cell_inner'><\/div><\/div>\n<style type=\"text\/css\" data-created_by=\"avia_inline_auto\" id=\"style-css-av-4wjzs7-ad6e17f421bb3fd4ef422c1d46f3bd8f\">\n.flex_cell.av-4wjzs7-ad6e17f421bb3fd4ef422c1d46f3bd8f{\nvertical-align:top;\nheight:15px;\nmin-height:15px;\nbackground-color:#feba00;\n}\n.responsive #top #wrap_all .flex_cell.av-4wjzs7-ad6e17f421bb3fd4ef422c1d46f3bd8f{\npadding:0px 0px 0px 0px !important;\n}\n<\/style>\n<div class='flex_cell av-4wjzs7-ad6e17f421bb3fd4ef422c1d46f3bd8f av-gridrow-cell av_one_fourth no_margin  avia-builder-el-4  el_after_av_cell_one_fourth  avia-builder-el-last  content-align-top av-zero-padding'  ><div class='flex_cell_inner'><\/div><\/div>\n<\/div>\n<div id='hello'  class='av-layout-grid-container av-4f0l2n-d73f7a1dfd21de6ce8ca205d5c9f2a35 entry-content-wrapper main_color av-flex-cells  avia-builder-el-5  el_after_av_layout_row  el_before_av_layout_row  grid-row-not-first  container_wrap sidebar_right'  >\n\n<style type=\"text\/css\" data-created_by=\"avia_inline_auto\" id=\"style-css-av-464vtb-a56a24cdc5983b078b2c9f93e8dcd478\">\n.flex_cell.av-464vtb-a56a24cdc5983b078b2c9f93e8dcd478{\nvertical-align:top;\n}\n.responsive #top #wrap_all .flex_cell.av-464vtb-a56a24cdc5983b078b2c9f93e8dcd478{\npadding:100px 100px 100px 100px !important;\n}\n\n@media only screen and (max-width: 479px){ \n.responsive #top #wrap_all .flex_cell.av-464vtb-a56a24cdc5983b078b2c9f93e8dcd478{\npadding:20px 20px 20px 20px !important;\n}\n}\n<\/style>\n<div class='flex_cell av-464vtb-a56a24cdc5983b078b2c9f93e8dcd478 av-gridrow-cell av_two_fifth no_margin  avia-builder-el-6  el_before_av_cell_three_fifth  avia-builder-el-first  content-align-top'  ><div class='flex_cell_inner'><p>\n<style type=\"text\/css\" data-created_by=\"avia_inline_auto\" id=\"style-css-av-40iscn-d576ce2d07ca5adf16efc2050f1db84c\">\n#top .av-special-heading.av-40iscn-d576ce2d07ca5adf16efc2050f1db84c{\npadding-bottom:30px;\nfont-size:70px;\n}\nbody .av-special-heading.av-40iscn-d576ce2d07ca5adf16efc2050f1db84c .av-special-heading-tag .heading-char{\nfont-size:25px;\n}\n#top #wrap_all .av-special-heading.av-40iscn-d576ce2d07ca5adf16efc2050f1db84c .av-special-heading-tag{\nfont-size:70px;\n}\n.av-special-heading.av-40iscn-d576ce2d07ca5adf16efc2050f1db84c .av-subheading{\nfont-size:15px;\n}\n\n@media only screen and (min-width: 480px) and (max-width: 767px){ \n#top .av-special-heading.av-40iscn-d576ce2d07ca5adf16efc2050f1db84c{\nmargin:20px 20px 20px 20px;\npadding-bottom:10px;\n}\n#top #wrap_all .av-special-heading.av-40iscn-d576ce2d07ca5adf16efc2050f1db84c .av-special-heading-tag{\npadding:20px 20px 20px 20px;\nfont-size:0.8em;\n}\n}\n\n@media only screen and (max-width: 479px){ \n#top .av-special-heading.av-40iscn-d576ce2d07ca5adf16efc2050f1db84c{\nmargin:0px 0px 0px 0px;\npadding-bottom:10px;\n}\n#top #wrap_all .av-special-heading.av-40iscn-d576ce2d07ca5adf16efc2050f1db84c .av-special-heading-tag{\npadding:0px 0px 0px 0px;\nfont-size:0.8em;\n}\n}\n<\/style>\n<div  class='av-special-heading av-40iscn-d576ce2d07ca5adf16efc2050f1db84c av-special-heading-h1 blockquote modern-quote  avia-builder-el-7  el_before_av_textblock  avia-builder-el-first  av-inherit-size'><h1 class='av-special-heading-tag '  itemprop=\"headline\"  >Hemen <u>Ara<\/u><\/h1><div class=\"special-heading-border\"><div class=\"special-heading-inner-border\"><\/div><\/div><\/div><br \/>\n\n<style type=\"text\/css\" data-created_by=\"avia_inline_auto\" id=\"style-css-av-3xq1t3-cc48ec9ef4788bd5a89e48a970966667\">\n#top .av_textblock_section.av-3xq1t3-cc48ec9ef4788bd5a89e48a970966667 .avia_textblock{\nfont-size:16px;\n}\n<\/style>\n<section  class='av_textblock_section av-3xq1t3-cc48ec9ef4788bd5a89e48a970966667 '   itemscope=\"itemscope\" itemtype=\"https:\/\/schema.org\/CreativeWork\" ><div class='avia_textblock'  itemprop=\"text\" ><p>Ara\u00e7 kiralama ihtiyac\u0131n\u0131z i\u00e7in Carmen Oto yan\u0131n\u0131zda! Uygun fiyatlar, yeni model ara\u00e7lar ve premium hizmet anlay\u0131\u015f\u0131m\u0131zla sizi bekliyoruz.<\/p>\n<p>Bize Ula\u015fmak \u00c7ok Kolay!<br \/>\n\ud83d\udcde Telefon: 0532 497 56 87<br \/>\n\ud83d\udce7 E-posta: info@otocarmen.com<br \/>\n\ud83d\udccd Merkez: B\u00fcy\u00fck\u015fehir Mahallesi White corner AVM otopark\u0131 Beylikd\u00fcz\u00fc\/\u0130stanbul<br \/>\n\ud83d\udccd \u015eube: Selimpa\u015fa Mahallesi 3041. Sokak A Blok NO: 8 \/1 \u0130\u00e7 Kap\u0131 No: 10 Silivri\/ \u0130stanbul<\/p>\n<p>Uzman ekibimiz, size en uygun arac\u0131 se\u00e7meniz i\u00e7in haz\u0131r bekliyor. Ara\u00e7 kiralaman\u0131n konforunu Carmen Oto ile ya\u015fay\u0131n!<\/p>\n<\/div><\/section><br \/>\n\n<style type=\"text\/css\" data-created_by=\"avia_inline_auto\" id=\"style-css-av-3nrkpr-9b8d248eaa607bfff3adb6c8b93bb55a\">\n#top .hr.hr-invisible.av-3nrkpr-9b8d248eaa607bfff3adb6c8b93bb55a{\nheight:20px;\n}\n<\/style>\n<div  class='hr av-3nrkpr-9b8d248eaa607bfff3adb6c8b93bb55a hr-invisible  avia-builder-el-9  el_after_av_textblock  avia-builder-el-last '><span class='hr-inner '><span class=\"hr-inner-style\"><\/span><\/span><\/div><\/p>\n<\/div><\/div>\n<style type=\"text\/css\" data-created_by=\"avia_inline_auto\" id=\"style-css-av-3f0ft3-42488fabb0b3cf8d2453ba824e414f1b\">\n.flex_cell.av-3f0ft3-42488fabb0b3cf8d2453ba824e414f1b{\nvertical-align:top;\nbackground-color:#feba00;\n}\n.responsive #top #wrap_all .flex_cell.av-3f0ft3-42488fabb0b3cf8d2453ba824e414f1b{\npadding:50px 50px 50px 50px !important;\n}\n<\/style>\n<div class='flex_cell av-3f0ft3-42488fabb0b3cf8d2453ba824e414f1b av-gridrow-cell av_three_fifth no_margin  avia-builder-el-10  el_after_av_cell_two_fifth  avia-builder-el-last  content-align-top avia-full-stretch'  ><div class='flex_cell_inner'>\n<\/div><\/div><\/div><div id='welcome'  class='av-layout-grid-container av-82vnb-b7f7b69696e79bc463def99baf246415 entry-content-wrapper main_color av-fixed-cells  avia-builder-el-12  el_after_av_layout_row  el_before_av_section  grid-row-not-first  container_wrap sidebar_right'  >\n\n<style type=\"text\/css\" data-created_by=\"avia_inline_auto\" id=\"style-css-av-7jkfj-f151602319af4cede25abfabcd47e573\">\n.flex_cell.av-7jkfj-f151602319af4cede25abfabcd47e573{\nvertical-align:top;\nheight:15px;\nmin-height:15px;\nbackground-color:#feba00;\n}\n.responsive #top #wrap_all .flex_cell.av-7jkfj-f151602319af4cede25abfabcd47e573{\npadding:0px 0px 0px 0px !important;\n}\n<\/style>\n<div class='flex_cell av-7jkfj-f151602319af4cede25abfabcd47e573 av-gridrow-cell av_one_fourth no_margin  avia-builder-el-13  el_before_av_cell_one_fourth  avia-builder-el-first  content-align-top av-zero-padding'  ><div class='flex_cell_inner'><\/div><\/div>\n<style type=\"text\/css\" data-created_by=\"avia_inline_auto\" id=\"style-css-av-6y073-eea228da02e7a0f4b9899ad029374a70\">\n.flex_cell.av-6y073-eea228da02e7a0f4b9899ad029374a70{\nvertical-align:top;\nheight:15px;\nmin-height:15px;\nbackground-color:#feba00;\n}\n.responsive #top #wrap_all .flex_cell.av-6y073-eea228da02e7a0f4b9899ad029374a70{\npadding:0px 0px 0px 0px !important;\n}\n<\/style>\n<div class='flex_cell av-6y073-eea228da02e7a0f4b9899ad029374a70 av-gridrow-cell av_one_fourth no_margin  avia-builder-el-14  el_after_av_cell_one_fourth  el_before_av_cell_one_fourth  content-align-top av-zero-padding'  ><div class='flex_cell_inner'><\/div><\/div>\n<style type=\"text\/css\" data-created_by=\"avia_inline_auto\" id=\"style-css-av-1o7ldj-0561630db1a0b4803557d259a40c401d\">\n.flex_cell.av-1o7ldj-0561630db1a0b4803557d259a40c401d{\nvertical-align:top;\nheight:15px;\nmin-height:15px;\nbackground-color:#feba00;\n}\n.responsive #top #wrap_all .flex_cell.av-1o7ldj-0561630db1a0b4803557d259a40c401d{\npadding:0px 0px 0px 0px !important;\n}\n<\/style>\n<div class='flex_cell av-1o7ldj-0561630db1a0b4803557d259a40c401d av-gridrow-cell av_one_fourth no_margin  avia-builder-el-15  el_after_av_cell_one_fourth  el_before_av_cell_one_fourth  content-align-top av-zero-padding'  ><div class='flex_cell_inner'><\/div><\/div>\n<style type=\"text\/css\" data-created_by=\"avia_inline_auto\" id=\"style-css-av-1jf2q7-c8c94a0dfdf2ef8816f4a9acffb7eca8\">\n.flex_cell.av-1jf2q7-c8c94a0dfdf2ef8816f4a9acffb7eca8{\nvertical-align:top;\nheight:15px;\nmin-height:15px;\nbackground-color:#feba00;\n}\n.responsive #top #wrap_all .flex_cell.av-1jf2q7-c8c94a0dfdf2ef8816f4a9acffb7eca8{\npadding:0px 0px 0px 0px !important;\n}\n<\/style>\n<div class='flex_cell av-1jf2q7-c8c94a0dfdf2ef8816f4a9acffb7eca8 av-gridrow-cell av_one_fourth no_margin  avia-builder-el-16  el_after_av_cell_one_fourth  avia-builder-el-last  content-align-top av-zero-padding'  ><div class='flex_cell_inner'><\/div><\/div>\n<\/div><\/p>\n\n<style type=\"text\/css\" data-created_by=\"avia_inline_auto\" id=\"style-css-av-1dbqw7-eb320caee6f0719d80729c4074c4cb6f\">\n.avia-section.av-1dbqw7-eb320caee6f0719d80729c4074c4cb6f{\nbackground-repeat:no-repeat;\nbackground-image:url(https:\/\/otocarmen.com\/wp-content\/uploads\/2016\/05\/complete-healthy-breakfast-m.jpg);\nbackground-position:50% 50%;\nbackground-attachment:fixed;\n}\n.avia-section.av-1dbqw7-eb320caee6f0719d80729c4074c4cb6f .av-section-color-overlay{\nopacity:0.8;\nbackground-color:#000000;\n}\n<\/style>\n<div id='av_section_1'  class='avia-section av-1dbqw7-eb320caee6f0719d80729c4074c4cb6f alternate_color avia-section-huge avia-no-border-styling  avia-builder-el-17  el_after_av_layout_row  avia-builder-el-last  avia-full-stretch avia-bg-style-fixed av-section-color-overlay-active container_wrap sidebar_right'  data-section-bg-repeat='stretch'><div class=\"av-section-color-overlay-wrap\"><div class=\"av-section-color-overlay\"><\/div><div class='container av-section-cont-open' ><div class='template-page content  av-content-small alpha units'><div class='post-entry post-entry-type-page post-entry-255'><div class='entry-content-wrapper clearfix'>\n\n<style type=\"text\/css\" data-created_by=\"avia_inline_auto\" id=\"style-css-av-19dffr-04fd92836c1e0d097e7a5b45508c3bdc\">\n.flex_column.av-19dffr-04fd92836c1e0d097e7a5b45508c3bdc{\nborder-radius:0px 0px 0px 0px;\npadding:0px 0px 0px 0px;\n}\n<\/style>\n<div  class='flex_column av-19dffr-04fd92836c1e0d097e7a5b45508c3bdc av_one_fifth  avia-builder-el-18  el_before_av_three_fifth  avia-builder-el-first  first flex_column_div av-zero-column-padding  '     ><\/div>\n<style type=\"text\/css\" data-created_by=\"avia_inline_auto\" id=\"style-css-av-12q25j-2fcd53bf5ad3d7d7c3aa8632a8259ba9\">\n.flex_column.av-12q25j-2fcd53bf5ad3d7d7c3aa8632a8259ba9{\nborder-radius:0px 0px 0px 0px;\npadding:0px 0px 0px 0px;\n}\n<\/style>\n<div  class='flex_column av-12q25j-2fcd53bf5ad3d7d7c3aa8632a8259ba9 av_three_fifth  avia-builder-el-19  el_after_av_one_fifth  el_before_av_one_fifth  flex_column_div av-zero-column-padding  '     ><p>\n<style type=\"text\/css\" data-created_by=\"avia_inline_auto\" id=\"style-css-av-wye2n-a5f12325f1cf591142ef8590f160503c\">\n#top .av-special-heading.av-wye2n-a5f12325f1cf591142ef8590f160503c{\npadding-bottom:20px;\nfont-size:50px;\n}\nbody .av-special-heading.av-wye2n-a5f12325f1cf591142ef8590f160503c .av-special-heading-tag .heading-char{\nfont-size:25px;\n}\n#top #wrap_all .av-special-heading.av-wye2n-a5f12325f1cf591142ef8590f160503c .av-special-heading-tag{\nfont-size:50px;\n}\n.av-special-heading.av-wye2n-a5f12325f1cf591142ef8590f160503c .av-subheading{\nfont-size:15px;\n}\n\n@media only screen and (min-width: 480px) and (max-width: 767px){ \n#top #wrap_all .av-special-heading.av-wye2n-a5f12325f1cf591142ef8590f160503c .av-special-heading-tag{\nfont-size:0.8em;\n}\n}\n\n@media only screen and (max-width: 479px){ \n#top #wrap_all .av-special-heading.av-wye2n-a5f12325f1cf591142ef8590f160503c .av-special-heading-tag{\nfont-size:0.8em;\n}\n}\n<\/style>\n<div  class='av-special-heading av-wye2n-a5f12325f1cf591142ef8590f160503c av-special-heading-h1 blockquote modern-quote modern-centered  avia-builder-el-20  el_before_av_textblock  avia-builder-el-first  av-inherit-size'><h1 class='av-special-heading-tag '  itemprop=\"headline\"  >Hemen Ara\u00e7 Kirala!<\/h1><div class=\"special-heading-border\"><div class=\"special-heading-inner-border\"><\/div><\/div><\/div><br \/>\n\n<style type=\"text\/css\" data-created_by=\"avia_inline_auto\" id=\"style-css-av-rmzn3-9b1a82bbac7fd8b41742044c947ae5fa\">\n#top .av_textblock_section.av-rmzn3-9b1a82bbac7fd8b41742044c947ae5fa .avia_textblock{\nfont-size:16px;\n}\n<\/style>\n<section  class='av_textblock_section av-rmzn3-9b1a82bbac7fd8b41742044c947ae5fa '   itemscope=\"itemscope\" itemtype=\"https:\/\/schema.org\/CreativeWork\" ><div class='avia_textblock'  itemprop=\"text\" ><p style=\"text-align: center;\">Uygun fiyatlar, geni\u015f ara\u00e7 se\u00e7enekleri ve g\u00fcvenli kiralama ile yolculu\u011funuza konfor kat\u0131n. Yolculuklar\u0131n\u0131z\u0131 kolayla\u015ft\u0131rmak ve konforunuzu art\u0131rmak i\u00e7in geni\u015f ara\u00e7 filomuzla hizmetinizdeyiz. \u0130ster \u015fehir i\u00e7i ister uzun yol i\u00e7in, ihtiyac\u0131n\u0131za uygun arac\u0131 hemen kiralay\u0131n!.<\/p>\n<\/div><\/section><br \/>\n\n<style type=\"text\/css\" data-created_by=\"avia_inline_auto\" id=\"style-css-av-lxdmv-71d6d8931dca1f46c36334a97a11a6f4\">\n#top .hr.hr-invisible.av-lxdmv-71d6d8931dca1f46c36334a97a11a6f4{\nheight:20px;\n}\n<\/style>\n<div  class='hr av-lxdmv-71d6d8931dca1f46c36334a97a11a6f4 hr-invisible  avia-builder-el-22  el_after_av_textblock  el_before_av_button '><span class='hr-inner '><span class=\"hr-inner-style\"><\/span><\/span><\/div><br \/>\n<div  class='avia-button-wrap av-1ddz3-5364aa5c5532cca4735abff1b98dcaa4-wrap avia-button-center  avia-builder-el-23  el_after_av_hr  avia-builder-el-last '><a href='tel:+905380372095'  class='avia-button av-1ddz3-5364aa5c5532cca4735abff1b98dcaa4 av-link-btn avia-icon_select-yes-right-icon avia-size-large avia-position-center av-icon-on-hover avia-color-light'  target=\"_blank\"  rel=\"noopener noreferrer\"  aria-label=\"\u0130leti\u015fim\"><span class='avia_iconbox_title' >\u0130leti\u015fim<\/span><span class='avia_button_icon avia_button_icon_right avia-iconfont avia-font-entypo-fontello' data-av_icon='\ue879' data-av_iconfont='entypo-fontello' ><\/span><\/a><\/div><\/p><\/div>\n<style type=\"text\/css\" data-created_by=\"avia_inline_auto\" id=\"style-css-av-bj7q7-f70829a9ebfb17aa2c595310c601416e\">\n.flex_column.av-bj7q7-f70829a9ebfb17aa2c595310c601416e{\nborder-radius:0px 0px 0px 0px;\npadding:0px 0px 0px 0px;\n}\n<\/style>\n<div  class='flex_column av-bj7q7-f70829a9ebfb17aa2c595310c601416e av_one_fifth  avia-builder-el-24  el_after_av_three_fifth  avia-builder-el-last  flex_column_div av-zero-column-padding  '     ><\/div>\n<\/div><\/div><\/div><!-- close content main div --><\/div><\/div><\/div><div id='after_section_1'  class='main_color av_default_container_wrap container_wrap sidebar_right'  ><div class='container av-section-cont-open' ><div class='template-page content  av-content-small alpha units'><div class='post-entry post-entry-type-page post-entry-255'><div class='entry-content-wrapper clearfix'>\n","protected":false},"excerpt":{"rendered":"","protected":false},"author":1,"featured_media":0,"parent":0,"menu_order":0,"comment_status":"closed","ping_status":"closed","template":"","meta":{"footnotes":""},"class_list":["post-255","page","type-page","status-publish","hentry"],"_links":{"self":[{"href":"https:\/\/otocarmen.com\/index.php?rest_route=\/wp\/v2\/pages\/255","targetHints":{"allow":["GET"]}}],"collection":[{"href":"https:\/\/otocarmen.com\/index.php?rest_route=\/wp\/v2\/pages"}],"about":[{"href":"https:\/\/otocarmen.com\/index.php?rest_route=\/wp\/v2\/types\/page"}],"author":[{"embeddable":true,"href":"https:\/\/otocarmen.com\/index.php?rest_route=\/wp\/v2\/users\/1"}],"replies":[{"embeddable":true,"href":"https:\/\/otocarmen.com\/index.php?rest_route=%2Fwp%2Fv2%2Fcomments&post=255"}],"version-history":[{"count":19,"href":"https:\/\/otocarmen.com\/index.php?rest_route=\/wp\/v2\/pages\/255\/revisions"}],"predecessor-version":[{"id":680,"href":"https:\/\/otocarmen.com\/index.php?rest_route=\/wp\/v2\/pages\/255\/revisions\/680"}],"wp:attachment":[{"href":"https:\/\/otocarmen.com\/index.php?rest_route=%2Fwp%2Fv2%2Fmedia&parent=255"}],"curies":[{"name":"wp","href":"https:\/\/api.w.org\/{rel}","templated":true}]}}